{"id":15881,"date":"2026-03-02T13:51:06","date_gmt":"2026-03-02T13:51:06","guid":{"rendered":"https:\/\/rikversteeg.com\/?page_id=15881"},"modified":"2026-03-02T13:55:11","modified_gmt":"2026-03-02T13:55:11","slug":"2026-publications-exhibitions-articles","status":"publish","type":"page","link":"https:\/\/rikversteeg.com\/nl\/2026-publicaties-exposities-artikelen\/","title":{"rendered":"2026"},"content":{"rendered":"<div class=\"wpb-content-wrapper\"><div class=\"vc_row wpb_row vc_row-fluid\" ><div class=\"wpb_column vc_column_container vc_col-sm-12\"><div class=\"vc_column-inner\"><div class=\"wpb_wrapper\"><div class=\"eltdf-section-title-holder\" >\n\t<div class=\"eltdf-st-inner\">\n\t\t\t\t\t<span class=\"eltdf-st-subtitle\" ><span class=\"eltdf-line\"><\/span>7 &amp; 7 Maart - RAW girl summer is over - Noorderlicht Groningen\t\t\t<\/span>\n\t\t\t\t\t\t\t<h2 class=\"eltdf-st-title\" style=\"color: #ff1eff\">\n\t\t\t\tKomende Expositie\t\t\t<\/h2>\n\t\t\t<\/div>\n<\/div><div class=\"vc_empty_space\"   style=\"height: 32px\"><span class=\"vc_empty_space_inner\"><\/span><\/div>\n\t<div  class=\"wpb_single_image wpb_content_element vc_align_center wpb_content_element\">\n\t\t\n\t\t<figure class=\"wpb_wrapper vc_figure\">\n\t\t\t<a href=\"https:\/\/www.superflirtfestival.nl\/\" target=\"_self\" class=\"vc_single_image-wrapper   vc_box_border_grey\"><img loading=\"lazy\" decoding=\"async\" width=\"820\" height=\"1024\" src=\"https:\/\/i0.wp.com\/rikversteeg.com\/wp-content\/uploads\/2026\/03\/raw.jpg?fit=820%2C1024&amp;ssl=1\" class=\"vc_single_image-img attachment-large\" alt=\"Noorderlicht RAW Exhibition Groningen\" title=\"Noorderlicht RAW Exhibition Groningen\" srcset=\"https:\/\/i0.wp.com\/rikversteeg.com\/wp-content\/uploads\/2026\/03\/raw.jpg?w=1024&amp;ssl=1 1024w, https:\/\/i0.wp.com\/rikversteeg.com\/wp-content\/uploads\/2026\/03\/raw.jpg?resize=240%2C300&amp;ssl=1 240w, https:\/\/i0.wp.com\/rikversteeg.com\/wp-content\/uploads\/2026\/03\/raw.jpg?resize=820%2C1024&amp;ssl=1 820w, https:\/\/i0.wp.com\/rikversteeg.com\/wp-content\/uploads\/2026\/03\/raw.jpg?resize=768%2C959&amp;ssl=1 768w, https:\/\/i0.wp.com\/rikversteeg.com\/wp-content\/uploads\/2026\/03\/raw.jpg?resize=10%2C12&amp;ssl=1 10w\" sizes=\"auto, (max-width: 820px) 100vw, 820px\" \/><\/a>\n\t\t<\/figure>\n\t<\/div>\n\n\t<div class=\"wpb_text_column wpb_content_element\" >\n\t\t<div class=\"wpb_wrapper\">\n\t\t\t<p><span style=\"color: #000000;\">In samenwerking met RAW Edition, een onafhankelijk tijdschrift dat zich richt op het bieden van een platform aan lokale kunstenaars en het versterken van frisse, niche perspectieven, presenteert Noorderlicht een samengestelde fotografie-tentoonstelling die gemeenschap, cultuur en experiment viert.<\/span><\/p>\n<p><span style=\"color: #000000;\"><strong>Photographers:<\/strong><\/span><br \/>\n<span style=\"color: #000000;\">Malta Hager<\/span><br \/>\n<span style=\"color: #000000;\">Jesed Francis Moreno<\/span><br \/>\n<span style=\"color: #000000;\">Tutu Guo<\/span><br \/>\n<span style=\"color: #000000;\">Hobbe Dutch<\/span><br \/>\n<span style=\"color: #000000;\">Anna Jansen<\/span><br \/>\n<span style=\"color: #000000;\">Amber Van der Borght<\/span><br \/>\n<span style=\"color: #000000;\">Bianca Bouchard<\/span><br \/>\n<span style=\"color: #000000;\">Marie Lourier<\/span><br \/>\n<span style=\"color: #000000;\">No\u00e9 Cottencin<\/span><br \/>\n<span style=\"color: #000000;\">Milda Vy\u0161niauskait\u0117<\/span><br \/>\n<span style=\"color: #000000;\">Jeroen Cavents<\/span><br \/>\n<span style=\"color: #000000;\">Rik Versteeg<\/span><br \/>\n<span style=\"color: #000000;\">Elena Plaza<\/span><br \/>\n<span style=\"color: #000000;\">Luciana L. Schutz<\/span><br \/>\n<span style=\"color: #000000;\">Jesed Francis Moreno<\/span><br \/>\n<span style=\"color: #000000;\">Raffaella Allegra<\/span><br \/>\n<span style=\"color: #000000;\">Rose Alberts<\/span><br \/>\n<span style=\"color: #000000;\">Mia Kraitsowits-P\u00e9lage<\/span><br \/>\n<span style=\"color: #000000;\">Alex Koutromanos<\/span><\/p>\n\n\t\t<\/div>\n\t<\/div>\n<div class=\"vc_empty_space\"   style=\"height: 50px\"><span class=\"vc_empty_space_inner\"><\/span><\/div><\/div><\/div><\/div><\/div>\n<\/div>","protected":false},"excerpt":{"rendered":"7th &amp; 6h of March - RAW girl summer is over - Noorderlicht Groningen Upcoming Exhibition In collaboration with RAW Edition, an independent magazine focused on providing a platform for local artists and amplifying fresh, niche perspectives, Noorderlicht presents a curated photography exhibition that celebrates community, culture, and experimentation. Photographers: Malta Hager Jesed Francis Moreno Tutu Guo Hobbe Dutch Anna Jansen Amber Van der Borght Bianca Bouchard Marie Lourier No\u00e9 Cottencin Milda Vy\u0161niauskait\u0117 Jeroen Cavents Rik Versteeg Elena Plaza Luciana L. Schutz Jesed Francis Moreno Raffaella Allegra Rose Alberts Mia Kraitsowits-P\u00e9lage Alex Koutromanos","protected":false},"author":1,"featured_media":0,"parent":0,"menu_order":0,"comment_status":"closed","ping_status":"closed","template":"","meta":{"footnotes":""},"tags":[2873,2864,2863,2865,2869,28,79,2857,2862,2868,2860,2870,2859,2866,2867,2487,2871,2858,2856,40,2872,2861],"class_list":["post-15881","page","type-page","status-publish","hentry","tag-alex-koutromanos","tag-amber-van-der-borght","tag-anna-jansen","tag-biance-bouchard","tag-elene-plaza","tag-exhibition","tag-expositie","tag-groningen","tag-hobbe-dutch","tag-jeroen-cavents","tag-jesed-francis-moreno","tag-luciana-l-schutz","tag-malta-hager","tag-marie-lourier","tag-noe-cottencin","tag-noorderlicht","tag-raffaella-allegra","tag-raw-edition","tag-raw-girl-summer-is-over","tag-rik-versteeg","tag-rose-alberts","tag-tutu-guo"],"yoast_head":"<!-- This site is optimized with the Yoast SEO plugin v27.4 - https:\/\/yoast.com\/product\/yoast-seo-wordpress\/ -->\n<title>2026 Publications Exhibitions Articles<\/title>\n<meta name=\"description\" content=\"2026 Publications Exhibitions Articles by Studio Rik Versteeg. Latest news, shows, publications and exhibitions.\" \/>\n<meta name=\"robots\" content=\"index, follow, max-snippet:-1, max-image-preview:large, max-video-preview:-1\" \/>\n<link rel=\"canonical\" href=\"https:\/\/rikversteeg.com\/nl\/2026-publicaties-exposities-artikelen\/\" \/>\n<meta property=\"og:locale\" content=\"nl_NL\" \/>\n<meta property=\"og:type\" content=\"article\" \/>\n<meta property=\"og:title\" content=\"2026 Publications Exhibitions Articles\" \/>\n<meta property=\"og:description\" content=\"2026 Publications Exhibitions Articles by Studio Rik Versteeg. Latest news, shows, publications and exhibitions.\" \/>\n<meta property=\"og:url\" content=\"https:\/\/rikversteeg.com\/nl\/2026-publicaties-exposities-artikelen\/\" \/>\n<meta property=\"og:site_name\" content=\"Studio Rik Versteeg\" \/>\n<meta property=\"article:modified_time\" content=\"2026-03-02T13:55:11+00:00\" \/>\n<meta name=\"twitter:card\" content=\"summary_large_image\" \/>\n<meta name=\"twitter:label1\" content=\"Geschatte leestijd\" \/>\n\t<meta name=\"twitter:data1\" content=\"1 minuut\" \/>\n<script type=\"application\/ld+json\" class=\"yoast-schema-graph\">{\"@context\":\"https:\\\/\\\/schema.org\",\"@graph\":[{\"@type\":\"WebPage\",\"@id\":\"https:\\\/\\\/rikversteeg.com\\\/2026-publications-exhibitions-articles\\\/\",\"url\":\"https:\\\/\\\/rikversteeg.com\\\/2026-publications-exhibitions-articles\\\/\",\"name\":\"2026 Publications Exhibitions Articles\",\"isPartOf\":{\"@id\":\"https:\\\/\\\/rikversteeg.com\\\/#website\"},\"datePublished\":\"2026-03-02T13:51:06+00:00\",\"dateModified\":\"2026-03-02T13:55:11+00:00\",\"description\":\"2026 Publications Exhibitions Articles by Studio Rik Versteeg. Latest news, shows, publications and exhibitions.\",\"breadcrumb\":{\"@id\":\"https:\\\/\\\/rikversteeg.com\\\/2026-publications-exhibitions-articles\\\/#breadcrumb\"},\"inLanguage\":\"nl-NL\",\"potentialAction\":[{\"@type\":\"ReadAction\",\"target\":[\"https:\\\/\\\/rikversteeg.com\\\/2026-publications-exhibitions-articles\\\/\"]}]},{\"@type\":\"BreadcrumbList\",\"@id\":\"https:\\\/\\\/rikversteeg.com\\\/2026-publications-exhibitions-articles\\\/#breadcrumb\",\"itemListElement\":[{\"@type\":\"ListItem\",\"position\":1,\"name\":\"Home\",\"item\":\"https:\\\/\\\/rikversteeg.com\\\/\"},{\"@type\":\"ListItem\",\"position\":2,\"name\":\"2026\"}]},{\"@type\":\"WebSite\",\"@id\":\"https:\\\/\\\/rikversteeg.com\\\/#website\",\"url\":\"https:\\\/\\\/rikversteeg.com\\\/\",\"name\":\"Studio Rik Versteeg\",\"description\":\"Visual Artist, Rotterdam. Photography, Film, Design and Make-up. Fine Art Prints\",\"publisher\":{\"@id\":\"https:\\\/\\\/rikversteeg.com\\\/#\\\/schema\\\/person\\\/78d0b18f065861b29ce513f7b1dfbf88\"},\"potentialAction\":[{\"@type\":\"SearchAction\",\"target\":{\"@type\":\"EntryPoint\",\"urlTemplate\":\"https:\\\/\\\/rikversteeg.com\\\/?s={search_term_string}\"},\"query-input\":{\"@type\":\"PropertyValueSpecification\",\"valueRequired\":true,\"valueName\":\"search_term_string\"}}],\"inLanguage\":\"nl-NL\"},{\"@type\":[\"Person\",\"Organization\"],\"@id\":\"https:\\\/\\\/rikversteeg.com\\\/#\\\/schema\\\/person\\\/78d0b18f065861b29ce513f7b1dfbf88\",\"name\":\"Rik Versteeg\",\"image\":{\"@type\":\"ImageObject\",\"inLanguage\":\"nl-NL\",\"@id\":\"https:\\\/\\\/rikversteeg.com\\\/wp-content\\\/uploads\\\/2024\\\/02\\\/logorv.png\",\"url\":\"https:\\\/\\\/rikversteeg.com\\\/wp-content\\\/uploads\\\/2024\\\/02\\\/logorv.png\",\"contentUrl\":\"https:\\\/\\\/rikversteeg.com\\\/wp-content\\\/uploads\\\/2024\\\/02\\\/logorv.png\",\"width\":400,\"height\":400,\"caption\":\"Rik Versteeg\"},\"logo\":{\"@id\":\"https:\\\/\\\/rikversteeg.com\\\/wp-content\\\/uploads\\\/2024\\\/02\\\/logorv.png\"}}]}<\/script>\n<!-- \/ Yoast SEO plugin. -->","yoast_head_json":{"title":"2026 Publications Exhibitions Articles","description":"2026 Publications Exhibitions Articles by Studio Rik Versteeg. Latest news, shows, publications and exhibitions.","robots":{"index":"index","follow":"follow","max-snippet":"max-snippet:-1","max-image-preview":"max-image-preview:large","max-video-preview":"max-video-preview:-1"},"canonical":"https:\/\/rikversteeg.com\/nl\/2026-publicaties-exposities-artikelen\/","og_locale":"nl_NL","og_type":"article","og_title":"2026 Publications Exhibitions Articles","og_description":"2026 Publications Exhibitions Articles by Studio Rik Versteeg. Latest news, shows, publications and exhibitions.","og_url":"https:\/\/rikversteeg.com\/nl\/2026-publicaties-exposities-artikelen\/","og_site_name":"Studio Rik Versteeg","article_modified_time":"2026-03-02T13:55:11+00:00","twitter_card":"summary_large_image","twitter_misc":{"Geschatte leestijd":"1 minuut"},"schema":{"@context":"https:\/\/schema.org","@graph":[{"@type":"WebPage","@id":"https:\/\/rikversteeg.com\/2026-publications-exhibitions-articles\/","url":"https:\/\/rikversteeg.com\/2026-publications-exhibitions-articles\/","name":"2026 Publications Exhibitions Articles","isPartOf":{"@id":"https:\/\/rikversteeg.com\/#website"},"datePublished":"2026-03-02T13:51:06+00:00","dateModified":"2026-03-02T13:55:11+00:00","description":"2026 Publications Exhibitions Articles by Studio Rik Versteeg. Latest news, shows, publications and exhibitions.","breadcrumb":{"@id":"https:\/\/rikversteeg.com\/2026-publications-exhibitions-articles\/#breadcrumb"},"inLanguage":"nl-NL","potentialAction":[{"@type":"ReadAction","target":["https:\/\/rikversteeg.com\/2026-publications-exhibitions-articles\/"]}]},{"@type":"BreadcrumbList","@id":"https:\/\/rikversteeg.com\/2026-publications-exhibitions-articles\/#breadcrumb","itemListElement":[{"@type":"ListItem","position":1,"name":"Home","item":"https:\/\/rikversteeg.com\/"},{"@type":"ListItem","position":2,"name":"2026"}]},{"@type":"WebSite","@id":"https:\/\/rikversteeg.com\/#website","url":"https:\/\/rikversteeg.com\/","name":"Studio Rik Versteeg","description":"Visual Artist, Rotterdam. Photography, Film, Design and Make-up. Fine Art Prints","publisher":{"@id":"https:\/\/rikversteeg.com\/#\/schema\/person\/78d0b18f065861b29ce513f7b1dfbf88"},"potentialAction":[{"@type":"SearchAction","target":{"@type":"EntryPoint","urlTemplate":"https:\/\/rikversteeg.com\/?s={search_term_string}"},"query-input":{"@type":"PropertyValueSpecification","valueRequired":true,"valueName":"search_term_string"}}],"inLanguage":"nl-NL"},{"@type":["Person","Organization"],"@id":"https:\/\/rikversteeg.com\/#\/schema\/person\/78d0b18f065861b29ce513f7b1dfbf88","name":"Rik Versteeg","image":{"@type":"ImageObject","inLanguage":"nl-NL","@id":"https:\/\/rikversteeg.com\/wp-content\/uploads\/2024\/02\/logorv.png","url":"https:\/\/rikversteeg.com\/wp-content\/uploads\/2024\/02\/logorv.png","contentUrl":"https:\/\/rikversteeg.com\/wp-content\/uploads\/2024\/02\/logorv.png","width":400,"height":400,"caption":"Rik Versteeg"},"logo":{"@id":"https:\/\/rikversteeg.com\/wp-content\/uploads\/2024\/02\/logorv.png"}}]}},"jetpack_sharing_enabled":true,"_links":{"self":[{"href":"https:\/\/rikversteeg.com\/nl\/wp-json\/wp\/v2\/pages\/15881","targetHints":{"allow":["GET"]}}],"collection":[{"href":"https:\/\/rikversteeg.com\/nl\/wp-json\/wp\/v2\/pages"}],"about":[{"href":"https:\/\/rikversteeg.com\/nl\/wp-json\/wp\/v2\/types\/page"}],"author":[{"embeddable":true,"href":"https:\/\/rikversteeg.com\/nl\/wp-json\/wp\/v2\/users\/1"}],"replies":[{"embeddable":true,"href":"https:\/\/rikversteeg.com\/nl\/wp-json\/wp\/v2\/comments?post=15881"}],"version-history":[{"count":4,"href":"https:\/\/rikversteeg.com\/nl\/wp-json\/wp\/v2\/pages\/15881\/revisions"}],"predecessor-version":[{"id":15886,"href":"https:\/\/rikversteeg.com\/nl\/wp-json\/wp\/v2\/pages\/15881\/revisions\/15886"}],"wp:attachment":[{"href":"https:\/\/rikversteeg.com\/nl\/wp-json\/wp\/v2\/media?parent=15881"}],"wp:term":[{"taxonomy":"post_tag","embeddable":true,"href":"https:\/\/rikversteeg.com\/nl\/wp-json\/wp\/v2\/tags?post=15881"}],"curies":[{"name":"wp","href":"https:\/\/api.w.org\/{rel}","templated":true}]}}